{"id":1682,"date":"2022-03-12T09:11:36","date_gmt":"2022-03-12T09:11:36","guid":{"rendered":"https:\/\/vent.agentweb.ro\/?page_id=1682"},"modified":"2022-04-10T14:19:07","modified_gmt":"2022-04-10T11:19:07","slug":"de-ce-noi","status":"publish","type":"page","link":"https:\/\/stadtmeister.ro\/en\/why-us\/","title":{"rendered":"Why us?"},"content":{"rendered":"<div data-elementor-type=\"wp-page\" data-elementor-id=\"1682\" class=\"elementor elementor-1682\">\n\t\t\t\t\t\t<section class=\"elementor-section elementor-top-section elementor-element elementor-element-86bd922 elementor-section-boxed elementor-section-height-default elementor-section-height-default\" data-id=\"86bd922\" data-element_type=\"section\">\n\t\t\t\t\t\t<div class=\"elementor-container elementor-column-gap-default\">\n\t\t\t\t\t<div class=\"elementor-column elementor-col-100 elementor-top-column elementor-element elementor-element-261adcb\" data-id=\"261adcb\" data-element_type=\"column\">\n\t\t\t<div class=\"elementor-widget-wrap elementor-element-populated\">\n\t\t\t\t\t\t<div class=\"elementor-element elementor-element-458162a elementor-widget elementor-widget-image\" data-id=\"458162a\" data-element_type=\"widget\" data-widget_type=\"image.default\">\n\t\t\t\t<div class=\"elementor-widget-container\">\n\t\t\t\t\t\t\t\t\t\t\t\t\t\t\t<img fetchpriority=\"high\" decoding=\"async\" width=\"1900\" height=\"700\" src=\"https:\/\/stadtmeister.ro\/wp-content\/uploads\/2022\/03\/de-ce-noi.png\" class=\"attachment-full size-full wp-image-3843\" alt=\"\" srcset=\"https:\/\/stadtmeister.ro\/wp-content\/uploads\/2022\/03\/de-ce-noi.png 1900w, https:\/\/stadtmeister.ro\/wp-content\/uploads\/2022\/03\/de-ce-noi-300x111.png 300w, https:\/\/stadtmeister.ro\/wp-content\/uploads\/2022\/03\/de-ce-noi-1024x377.png 1024w, https:\/\/stadtmeister.ro\/wp-content\/uploads\/2022\/03\/de-ce-noi-768x283.png 768w, https:\/\/stadtmeister.ro\/wp-content\/uploads\/2022\/03\/de-ce-noi-1536x566.png 1536w, https:\/\/stadtmeister.ro\/wp-content\/uploads\/2022\/03\/de-ce-noi-260x96.png 260w, https:\/\/stadtmeister.ro\/wp-content\/uploads\/2022\/03\/de-ce-noi-50x18.png 50w, https:\/\/stadtmeister.ro\/wp-content\/uploads\/2022\/03\/de-ce-noi-150x55.png 150w, https:\/\/stadtmeister.ro\/wp-content\/uploads\/2022\/03\/de-ce-noi-800x295.png 800w\" sizes=\"(max-width: 1900px) 100vw, 1900px\" \/>\t\t\t\t\t\t\t\t\t\t\t\t\t\t\t<\/div>\n\t\t\t\t<\/div>\n\t\t\t\t\t<\/div>\n\t\t<\/div>\n\t\t\t\t\t<\/div>\n\t\t<\/section>\n\t\t\t\t<section class=\"elementor-section elementor-top-section elementor-element elementor-element-e8dd8e0 elementor-section-boxed elementor-section-height-default elementor-section-height-default\" data-id=\"e8dd8e0\" data-element_type=\"section\">\n\t\t\t\t\t\t<div class=\"elementor-container elementor-column-gap-default\">\n\t\t\t\t\t<div class=\"elementor-column elementor-col-100 elementor-top-column elementor-element elementor-element-964f12b\" data-id=\"964f12b\" data-element_type=\"column\">\n\t\t\t<div class=\"elementor-widget-wrap elementor-element-populated\">\n\t\t\t\t\t\t<div class=\"elementor-element elementor-element-7b1407a elementor-widget elementor-widget-heading\" data-id=\"7b1407a\" data-element_type=\"widget\" data-widget_type=\"heading.default\">\n\t\t\t\t<div class=\"elementor-widget-container\">\n\t\t\t\t\t<h2 class=\"elementor-heading-title elementor-size-default\"> Avantajele produselor noastre<\/h2>\t\t\t\t<\/div>\n\t\t\t\t<\/div>\n\t\t\t\t<div class=\"elementor-element elementor-element-6b15e6a elementor-widget-divider--view-line elementor-widget elementor-widget-divider\" data-id=\"6b15e6a\" data-element_type=\"widget\" data-widget_type=\"divider.default\">\n\t\t\t\t<div class=\"elementor-widget-container\">\n\t\t\t\t\t\t\t<div class=\"elementor-divider\">\n\t\t\t<span class=\"elementor-divider-separator\">\n\t\t\t\t\t\t<\/span>\n\t\t<\/div>\n\t\t\t\t\t\t<\/div>\n\t\t\t\t<\/div>\n\t\t\t\t\t<\/div>\n\t\t<\/div>\n\t\t\t\t\t<\/div>\n\t\t<\/section>\n\t\t\t\t<section class=\"elementor-section elementor-top-section elementor-element elementor-element-5578bcf elementor-section-boxed elementor-section-height-default elementor-section-height-default\" data-id=\"5578bcf\" data-element_type=\"section\">\n\t\t\t\t\t\t<div class=\"elementor-container elementor-column-gap-default\">\n\t\t\t\t\t<div class=\"elementor-column elementor-col-100 elementor-top-column elementor-element elementor-element-7f35bbd\" data-id=\"7f35bbd\" data-element_type=\"column\">\n\t\t\t<div class=\"elementor-widget-wrap elementor-element-populated\">\n\t\t\t\t\t\t<div class=\"elementor-element elementor-element-5cd4076 listWhy elementor-icon-list--layout-traditional elementor-list-item-link-full_width elementor-widget elementor-widget-icon-list\" data-id=\"5cd4076\" data-element_type=\"widget\" data-widget_type=\"icon-list.default\">\n\t\t\t\t<div class=\"elementor-widget-container\">\n\t\t\t\t\t\t\t<ul class=\"elementor-icon-list-items\">\n\t\t\t\t\t\t\t<li class=\"elementor-icon-list-item\">\n\t\t\t\t\t\t\t\t\t\t\t<span class=\"elementor-icon-list-icon\">\n\t\t\t\t\t\t\t<i aria-hidden=\"true\" class=\"fas fa-check-circle\"><\/i>\t\t\t\t\t\t<\/span>\n\t\t\t\t\t\t\t\t\t\t<span class=\"elementor-icon-list-text\">Instalare rapid\u0103 \u0219i u\u0219oar\u0103.<\/span>\n\t\t\t\t\t\t\t\t\t<\/li>\n\t\t\t\t\t\t\t\t<li class=\"elementor-icon-list-item\">\n\t\t\t\t\t\t\t\t\t\t\t<span class=\"elementor-icon-list-icon\">\n\t\t\t\t\t\t\t<i aria-hidden=\"true\" class=\"fas fa-check-circle\"><\/i>\t\t\t\t\t\t<\/span>\n\t\t\t\t\t\t\t\t\t\t<span class=\"elementor-icon-list-text\">Garniturile <span style=\"font-family: Montserrat, Helvetica, Arial, sans-serif; font-size: 16px; font-style: normal; font-variant-ligatures: normal; font-variant-caps: normal; font-weight: 400; white-space: normal;\">(EPDM)<\/span> sunt montate si foarte bine fixate din fabric\u0103 f\u0103r\u0103 pentru a se asigura a\u015fezarea lor adecvat\u0103 atunci c\u00e2nd se realizeaz\u0103 conexiunile \u00eentre piese.<\/span>\n\t\t\t\t\t\t\t\t\t<\/li>\n\t\t\t\t\t\t\t\t<li class=\"elementor-icon-list-item\">\n\t\t\t\t\t\t\t\t\t\t\t<span class=\"elementor-icon-list-icon\">\n\t\t\t\t\t\t\t<i aria-hidden=\"true\" class=\"fas fa-check-circle\"><\/i>\t\t\t\t\t\t<\/span>\n\t\t\t\t\t\t\t\t\t\t<span class=\"elementor-icon-list-text\">Acest lucru permite montarea precis\u0103 a fitingurilor f\u0103r\u0103 scurgeri de aer.<\/span>\n\t\t\t\t\t\t\t\t\t<\/li>\n\t\t\t\t\t\t\t\t<li class=\"elementor-icon-list-item\">\n\t\t\t\t\t\t\t\t\t\t\t<span class=\"elementor-icon-list-icon\">\n\t\t\t\t\t\t\t<i aria-hidden=\"true\" class=\"fas fa-check-circle\"><\/i>\t\t\t\t\t\t<\/span>\n\t\t\t\t\t\t\t\t\t\t<span class=\"elementor-icon-list-text\">Metod\u0103 de instalare ecologic\u0103 care nu necesit\u0103 silicon care con\u021bin solven\u021bi toxici \u015fi care s-ar putea evapora \u00een conducte.<\/span>\n\t\t\t\t\t\t\t\t\t<\/li>\n\t\t\t\t\t\t\t\t<li class=\"elementor-icon-list-item\">\n\t\t\t\t\t\t\t\t\t\t\t<span class=\"elementor-icon-list-icon\">\n\t\t\t\t\t\t\t<i aria-hidden=\"true\" class=\"fas fa-check-circle\"><\/i>\t\t\t\t\t\t<\/span>\n\t\t\t\t\t\t\t\t\t\t<span class=\"elementor-icon-list-text\">Sistemele poat fi instalat \u00een orice condi\u021bii meteorologice.<\/span>\n\t\t\t\t\t\t\t\t\t<\/li>\n\t\t\t\t\t\t\t\t<li class=\"elementor-icon-list-item\">\n\t\t\t\t\t\t\t\t\t\t\t<span class=\"elementor-icon-list-icon\">\n\t\t\t\t\t\t\t<i aria-hidden=\"true\" class=\"fas fa-check-circle\"><\/i>\t\t\t\t\t\t<\/span>\n\t\t\t\t\t\t\t\t\t\t<span class=\"elementor-icon-list-text\">Rezisten\u021b\u0103 la temperatur\u0103: -30\u02da p\u00e2n\u0103 la +100\u02daC.<\/span>\n\t\t\t\t\t\t\t\t\t<\/li>\n\t\t\t\t\t\t\t\t<li class=\"elementor-icon-list-item\">\n\t\t\t\t\t\t\t\t\t\t\t<span class=\"elementor-icon-list-icon\">\n\t\t\t\t\t\t\t<i aria-hidden=\"true\" class=\"fas fa-check-circle\"><\/i>\t\t\t\t\t\t<\/span>\n\t\t\t\t\t\t\t\t\t\t<span class=\"elementor-icon-list-text\">Presiune negativ\u0103 de func\u021bionare de p\u00e2n\u0103 la 3000 Pa. <\/span>\n\t\t\t\t\t\t\t\t\t<\/li>\n\t\t\t\t\t\t\t\t<li class=\"elementor-icon-list-item\">\n\t\t\t\t\t\t\t\t\t\t\t<span class=\"elementor-icon-list-icon\">\n\t\t\t\t\t\t\t<i aria-hidden=\"true\" class=\"fas fa-check-circle\"><\/i>\t\t\t\t\t\t<\/span>\n\t\t\t\t\t\t\t\t\t\t<span class=\"elementor-icon-list-text\">Presiune maxim\u0103 de lucru <span style=\"font-family: Montserrat, Helvetica, Arial, sans-serif; font-size: 16px; font-style: normal; font-variant-ligatures: normal; font-variant-caps: normal; font-weight: 400;\">de p\u00e2n\u0103 la<\/span> 5000 Pa<\/span>\n\t\t\t\t\t\t\t\t\t<\/li>\n\t\t\t\t\t\t\t\t<li class=\"elementor-icon-list-item\">\n\t\t\t\t\t\t\t\t\t\t\t<span class=\"elementor-icon-list-icon\">\n\t\t\t\t\t\t\t<i aria-hidden=\"true\" class=\"fas fa-check-circle\"><\/i>\t\t\t\t\t\t<\/span>\n\t\t\t\t\t\t\t\t\t\t<span class=\"elementor-icon-list-text\">Un finisaj estetic care este deosebit de important pentru sistemele expuse.<\/span>\n\t\t\t\t\t\t\t\t\t<\/li>\n\t\t\t\t\t\t<\/ul>\n\t\t\t\t\t\t<\/div>\n\t\t\t\t<\/div>\n\t\t\t\t<div class=\"elementor-element elementor-element-ed3cb04 elementor-widget elementor-widget-heading\" data-id=\"ed3cb04\" data-element_type=\"widget\" data-widget_type=\"heading.default\">\n\t\t\t\t<div class=\"elementor-widget-container\">\n\t\t\t\t\t<h2 class=\"elementor-heading-title elementor-size-default\">Avantajele in colaborarea cu noi<\/h2>\t\t\t\t<\/div>\n\t\t\t\t<\/div>\n\t\t\t\t\t<\/div>\n\t\t<\/div>\n\t\t\t\t\t<\/div>\n\t\t<\/section>\n\t\t\t\t<section class=\"elementor-section elementor-inner-section elementor-element elementor-element-3476ff3a elementor-section-boxed elementor-section-height-default elementor-section-height-default\" data-id=\"3476ff3a\" data-element_type=\"section\">\n\t\t\t\t\t\t<div class=\"elementor-container elementor-column-gap-default\">\n\t\t\t\t\t<div class=\"elementor-column elementor-col-33 elementor-inner-column elementor-element elementor-element-2880adf4\" data-id=\"2880adf4\" data-element_type=\"column\">\n\t\t\t<div class=\"elementor-widget-wrap elementor-element-populated\">\n\t\t\t\t\t\t<div class=\"elementor-element elementor-element-74f77cdd elementor-widget elementor-widget-text-editor\" data-id=\"74f77cdd\" data-element_type=\"widget\" data-widget_type=\"text-editor.default\">\n\t\t\t\t<div class=\"elementor-widget-container\">\n\t\t\t\t\t\t\t\t\t<div><img decoding=\"async\" class=\"alignnone wp-image-3795 size-full\" src=\"https:\/\/stadtmeister.ro\/wp-content\/uploads\/2022\/03\/Calitate-superioara.png\" alt=\"\" width=\"70\" height=\"70\" srcset=\"https:\/\/stadtmeister.ro\/wp-content\/uploads\/2022\/03\/Calitate-superioara.png 70w, https:\/\/stadtmeister.ro\/wp-content\/uploads\/2022\/03\/Calitate-superioara-50x50.png 50w\" sizes=\"(max-width: 70px) 100vw, 70px\" \/><\/div><div class=\"feature\">High quality<\/div><p class=\"descFeature\">Livr\u0103m \u00een 2 \u00een Bra\u015fov, \u00een 24 de ore oriunde \u00een Rom\u00e2nia \u015fi \u00een 3-5 oriunde \u00een UE produsele din stoc.<\/p>\t\t\t\t\t\t\t\t<\/div>\n\t\t\t\t<\/div>\n\t\t\t\t\t<\/div>\n\t\t<\/div>\n\t\t\t\t<div class=\"elementor-column elementor-col-33 elementor-inner-column elementor-element elementor-element-1b4fbbd\" data-id=\"1b4fbbd\" data-element_type=\"column\">\n\t\t\t<div class=\"elementor-widget-wrap elementor-element-populated\">\n\t\t\t\t\t\t<div class=\"elementor-element elementor-element-a59be4e elementor-widget elementor-widget-text-editor\" data-id=\"a59be4e\" data-element_type=\"widget\" data-widget_type=\"text-editor.default\">\n\t\t\t\t<div class=\"elementor-widget-container\">\n\t\t\t\t\t\t\t\t\t<p><img decoding=\"async\" src=\"https:\/\/stadtmeister.ro\/wp-content\/uploads\/2022\/03\/Promptitudine.png\" alt=\"\" width=\"70\" height=\"70\" \/><\/p><div class=\"feature\">Promptitudine<\/div><div>Livr\u0103m \u00een 2 \u00een Bra\u015fov, \u00een 24 de ore oriunde \u00een Rom\u00e2nia \u015fi \u00een 3-5 oriunde \u00een UE produsele din stoc.<\/div>\t\t\t\t\t\t\t\t<\/div>\n\t\t\t\t<\/div>\n\t\t\t\t\t<\/div>\n\t\t<\/div>\n\t\t\t\t<div class=\"elementor-column elementor-col-33 elementor-inner-column elementor-element elementor-element-5106ae46\" data-id=\"5106ae46\" data-element_type=\"column\">\n\t\t\t<div class=\"elementor-widget-wrap elementor-element-populated\">\n\t\t\t\t\t\t<div class=\"elementor-element elementor-element-f22e4d elementor-widget elementor-widget-text-editor\" data-id=\"f22e4d\" data-element_type=\"widget\" data-widget_type=\"text-editor.default\">\n\t\t\t\t<div class=\"elementor-widget-container\">\n\t\t\t\t\t\t\t\t\t<div><img loading=\"lazy\" decoding=\"async\" class=\"alignnone size-full wp-image-3792\" src=\"https:\/\/stadtmeister.ro\/wp-content\/uploads\/2022\/03\/pret-producator.png\" alt=\"\" width=\"70\" height=\"70\" srcset=\"https:\/\/stadtmeister.ro\/wp-content\/uploads\/2022\/03\/pret-producator.png 70w, https:\/\/stadtmeister.ro\/wp-content\/uploads\/2022\/03\/pret-producator-50x50.png 50w\" sizes=\"(max-width: 70px) 100vw, 70px\" \/><\/div><div class=\"feature\">Manufacturer price<\/div><p class=\"descFeature\">Foloseste \u015fi promoveaz\u0103 produsele noastre \u015fi te asigur\u0103m c\u0103 ob\u0163ii un pre\u0163 competitiv pe pia\u0163\u0103.<\/p>\t\t\t\t\t\t\t\t<\/div>\n\t\t\t\t<\/div>\n\t\t\t\t\t<\/div>\n\t\t<\/div>\n\t\t\t\t\t<\/div>\n\t\t<\/section>\n\t\t\t\t<section class=\"elementor-section elementor-inner-section elementor-element elementor-element-b49d18c elementor-section-boxed elementor-section-height-default elementor-section-height-default\" data-id=\"b49d18c\" data-element_type=\"section\">\n\t\t\t\t\t\t<div class=\"elementor-container elementor-column-gap-default\">\n\t\t\t\t\t<div class=\"elementor-column elementor-col-33 elementor-inner-column elementor-element elementor-element-a876d8c\" data-id=\"a876d8c\" data-element_type=\"column\">\n\t\t\t<div class=\"elementor-widget-wrap elementor-element-populated\">\n\t\t\t\t\t\t<div class=\"elementor-element elementor-element-6e1d0935 elementor-widget elementor-widget-text-editor\" data-id=\"6e1d0935\" data-element_type=\"widget\" data-widget_type=\"text-editor.default\">\n\t\t\t\t<div class=\"elementor-widget-container\">\n\t\t\t\t\t\t\t\t\t<p><img loading=\"lazy\" decoding=\"async\" class=\"alignnone size-full wp-image-3796\" src=\"https:\/\/stadtmeister.ro\/wp-content\/uploads\/2022\/03\/500-de-produse.png\" alt=\"\" width=\"70\" height=\"70\" srcset=\"https:\/\/stadtmeister.ro\/wp-content\/uploads\/2022\/03\/500-de-produse.png 70w, https:\/\/stadtmeister.ro\/wp-content\/uploads\/2022\/03\/500-de-produse-50x50.png 50w\" sizes=\"(max-width: 70px) 100vw, 70px\" \/><\/p><div class=\"feature\">Over 500 products in stock daily<\/div><p class=\"descFeature\">Sisteme complete de ventila\u0163ii disponibile \u00een stoc \u00een Bra\u015fov. Comanzi \u015fi montezi \u00een aceea\u015fi zi.<\/p>\t\t\t\t\t\t\t\t<\/div>\n\t\t\t\t<\/div>\n\t\t\t\t\t<\/div>\n\t\t<\/div>\n\t\t\t\t<div class=\"elementor-column elementor-col-33 elementor-inner-column elementor-element elementor-element-32e3cd8\" data-id=\"32e3cd8\" data-element_type=\"column\">\n\t\t\t<div class=\"elementor-widget-wrap elementor-element-populated\">\n\t\t\t\t\t\t<div class=\"elementor-element elementor-element-5c01808 elementor-widget elementor-widget-text-editor\" data-id=\"5c01808\" data-element_type=\"widget\" data-widget_type=\"text-editor.default\">\n\t\t\t\t<div class=\"elementor-widget-container\">\n\t\t\t\t\t\t\t\t\t<div><img loading=\"lazy\" decoding=\"async\" class=\"alignnone size-full wp-image-3847\" src=\"https:\/\/stadtmeister.ro\/wp-content\/uploads\/2022\/03\/Localizare-in-centrul-tarii.png\" alt=\"\" width=\"70\" height=\"70\" srcset=\"https:\/\/stadtmeister.ro\/wp-content\/uploads\/2022\/03\/Localizare-in-centrul-tarii.png 70w, https:\/\/stadtmeister.ro\/wp-content\/uploads\/2022\/03\/Localizare-in-centrul-tarii-50x50.png 50w\" sizes=\"(max-width: 70px) 100vw, 70px\" \/><\/div><div class=\"feature\">Fabrica pozitionata \u00een centrul tarii<\/div><p class=\"descFeature\">Costurile de transport sunt reduse substantial pentru ca indiferent unde se afla proiectul tau, noi ajungem usor la tine.<\/p>\t\t\t\t\t\t\t\t<\/div>\n\t\t\t\t<\/div>\n\t\t\t\t\t<\/div>\n\t\t<\/div>\n\t\t\t\t<div class=\"elementor-column elementor-col-33 elementor-inner-column elementor-element elementor-element-eed96fc\" data-id=\"eed96fc\" data-element_type=\"column\">\n\t\t\t<div class=\"elementor-widget-wrap elementor-element-populated\">\n\t\t\t\t\t\t<div class=\"elementor-element elementor-element-3f163ea elementor-widget elementor-widget-text-editor\" data-id=\"3f163ea\" data-element_type=\"widget\" data-widget_type=\"text-editor.default\">\n\t\t\t\t<div class=\"elementor-widget-container\">\n\t\t\t\t\t\t\t\t\t<div><img loading=\"lazy\" decoding=\"async\" class=\"alignnone size-full wp-image-3846\" src=\"https:\/\/stadtmeister.ro\/wp-content\/uploads\/2022\/03\/Consultanta-1.png\" alt=\"\" width=\"70\" height=\"70\" srcset=\"https:\/\/stadtmeister.ro\/wp-content\/uploads\/2022\/03\/Consultanta-1.png 70w, https:\/\/stadtmeister.ro\/wp-content\/uploads\/2022\/03\/Consultanta-1-50x50.png 50w\" sizes=\"(max-width: 70px) 100vw, 70px\" \/><\/div>\n<div class=\"feature\">Consultanta in proiecte<\/div>\n<p class=\"descFeature\">Datorit\u0103 experien\u0163ei \u00eendelungate \u00een proiecte complexe, la cerere \u00ee\u0163i oferim consultant\u0103 \u015fi te ajut\u00e2m s\u0103 optimizezi proiectul t\u0103u.<\/p>\t\t\t\t\t\t\t\t<\/div>\n\t\t\t\t<\/div>\n\t\t\t\t\t<\/div>\n\t\t<\/div>\n\t\t\t\t\t<\/div>\n\t\t<\/section>\n\t\t\t\t<\/div>","protected":false},"excerpt":{"rendered":"<p>Avantajele produselor noastre Instalare rapid\u0103 \u0219i u\u0219oar\u0103. Garniturile (EPDM) sunt montate si foarte bine fixate din fabric\u0103 f\u0103r\u0103 pentru a se asigura a\u015fezarea lor adecvat\u0103 atunci<span class=\"excerpt-hellip\"> [\u2026]<\/span><\/p>","protected":false},"author":1,"featured_media":0,"parent":0,"menu_order":0,"comment_status":"closed","ping_status":"closed","template":"","meta":{"_acf_changed":false,"footnotes":""},"class_list":["post-1682","page","type-page","status-publish","hentry"],"acf":[],"yoast_head":"<!-- This site is optimized with the Yoast SEO plugin v24.3 - https:\/\/yoast.com\/wordpress\/plugins\/seo\/ -->\n<title>De ce noi? - Stadtmeister<\/title>\n<meta name=\"robots\" content=\"index, follow, max-snippet:-1, max-image-preview:large, max-video-preview:-1\" \/>\n<link rel=\"canonical\" href=\"https:\/\/stadtmeister.ro\/en\/why-us\/\" \/>\n<meta property=\"og:locale\" content=\"en_US\" \/>\n<meta property=\"og:type\" content=\"article\" \/>\n<meta property=\"og:title\" content=\"De ce noi? - Stadtmeister\" \/>\n<meta property=\"og:description\" content=\"Avantajele produselor noastre Instalare rapid\u0103 \u0219i u\u0219oar\u0103. Garniturile (EPDM) sunt montate si foarte bine fixate din fabric\u0103 f\u0103r\u0103 pentru a se asigura a\u015fezarea lor adecvat\u0103 atunci [\u2026]\" \/>\n<meta property=\"og:url\" content=\"https:\/\/stadtmeister.ro\/en\/why-us\/\" \/>\n<meta property=\"og:site_name\" content=\"Stadtmeister\" \/>\n<meta property=\"article:modified_time\" content=\"2022-04-10T11:19:07+00:00\" \/>\n<meta property=\"og:image\" content=\"https:\/\/stadtmeister.ro\/wp-content\/uploads\/2022\/03\/de-ce-noi.png\" \/>\n<meta name=\"twitter:card\" content=\"summary_large_image\" \/>\n<meta name=\"twitter:label1\" content=\"Est. reading time\" \/>\n\t<meta name=\"twitter:data1\" content=\"3 minutes\" \/>\n<script type=\"application\/ld+json\" class=\"yoast-schema-graph\">{\"@context\":\"https:\/\/schema.org\",\"@graph\":[{\"@type\":\"WebPage\",\"@id\":\"https:\/\/stadtmeister.ro\/de-ce-noi\/\",\"url\":\"https:\/\/stadtmeister.ro\/de-ce-noi\/\",\"name\":\"De ce noi? - Stadtmeister\",\"isPartOf\":{\"@id\":\"https:\/\/stadtmeister.ro\/#website\"},\"primaryImageOfPage\":{\"@id\":\"https:\/\/stadtmeister.ro\/de-ce-noi\/#primaryimage\"},\"image\":{\"@id\":\"https:\/\/stadtmeister.ro\/de-ce-noi\/#primaryimage\"},\"thumbnailUrl\":\"https:\/\/stadtmeister.ro\/wp-content\/uploads\/2022\/03\/de-ce-noi.png\",\"datePublished\":\"2022-03-12T09:11:36+00:00\",\"dateModified\":\"2022-04-10T11:19:07+00:00\",\"breadcrumb\":{\"@id\":\"https:\/\/stadtmeister.ro\/de-ce-noi\/#breadcrumb\"},\"inLanguage\":\"en-US\",\"potentialAction\":[{\"@type\":\"ReadAction\",\"target\":[\"https:\/\/stadtmeister.ro\/de-ce-noi\/\"]}]},{\"@type\":\"ImageObject\",\"inLanguage\":\"en-US\",\"@id\":\"https:\/\/stadtmeister.ro\/de-ce-noi\/#primaryimage\",\"url\":\"https:\/\/stadtmeister.ro\/wp-content\/uploads\/2022\/03\/de-ce-noi.png\",\"contentUrl\":\"https:\/\/stadtmeister.ro\/wp-content\/uploads\/2022\/03\/de-ce-noi.png\"},{\"@type\":\"BreadcrumbList\",\"@id\":\"https:\/\/stadtmeister.ro\/de-ce-noi\/#breadcrumb\",\"itemListElement\":[{\"@type\":\"ListItem\",\"position\":1,\"name\":\"Prima pagin\u0103\",\"item\":\"https:\/\/stadtmeister.ro\/\"},{\"@type\":\"ListItem\",\"position\":2,\"name\":\"De ce noi?\"}]},{\"@type\":\"WebSite\",\"@id\":\"https:\/\/stadtmeister.ro\/#website\",\"url\":\"https:\/\/stadtmeister.ro\/\",\"name\":\"Stadtmeister\",\"description\":\"Producatorul tau de tubulatura\",\"potentialAction\":[{\"@type\":\"SearchAction\",\"target\":{\"@type\":\"EntryPoint\",\"urlTemplate\":\"https:\/\/stadtmeister.ro\/?s={search_term_string}\"},\"query-input\":{\"@type\":\"PropertyValueSpecification\",\"valueRequired\":true,\"valueName\":\"search_term_string\"}}],\"inLanguage\":\"en-US\"}]}<\/script>\n<!-- \/ Yoast SEO plugin. -->","yoast_head_json":{"title":"De ce noi? - Stadtmeister","robots":{"index":"index","follow":"follow","max-snippet":"max-snippet:-1","max-image-preview":"max-image-preview:large","max-video-preview":"max-video-preview:-1"},"canonical":"https:\/\/stadtmeister.ro\/en\/why-us\/","og_locale":"en_US","og_type":"article","og_title":"De ce noi? - Stadtmeister","og_description":"Avantajele produselor noastre Instalare rapid\u0103 \u0219i u\u0219oar\u0103. Garniturile (EPDM) sunt montate si foarte bine fixate din fabric\u0103 f\u0103r\u0103 pentru a se asigura a\u015fezarea lor adecvat\u0103 atunci [\u2026]","og_url":"https:\/\/stadtmeister.ro\/en\/why-us\/","og_site_name":"Stadtmeister","article_modified_time":"2022-04-10T11:19:07+00:00","og_image":[{"url":"https:\/\/stadtmeister.ro\/wp-content\/uploads\/2022\/03\/de-ce-noi.png","type":"","width":"","height":""}],"twitter_card":"summary_large_image","twitter_misc":{"Est. reading time":"3 minutes"},"schema":{"@context":"https:\/\/schema.org","@graph":[{"@type":"WebPage","@id":"https:\/\/stadtmeister.ro\/de-ce-noi\/","url":"https:\/\/stadtmeister.ro\/de-ce-noi\/","name":"De ce noi? - Stadtmeister","isPartOf":{"@id":"https:\/\/stadtmeister.ro\/#website"},"primaryImageOfPage":{"@id":"https:\/\/stadtmeister.ro\/de-ce-noi\/#primaryimage"},"image":{"@id":"https:\/\/stadtmeister.ro\/de-ce-noi\/#primaryimage"},"thumbnailUrl":"https:\/\/stadtmeister.ro\/wp-content\/uploads\/2022\/03\/de-ce-noi.png","datePublished":"2022-03-12T09:11:36+00:00","dateModified":"2022-04-10T11:19:07+00:00","breadcrumb":{"@id":"https:\/\/stadtmeister.ro\/de-ce-noi\/#breadcrumb"},"inLanguage":"en-US","potentialAction":[{"@type":"ReadAction","target":["https:\/\/stadtmeister.ro\/de-ce-noi\/"]}]},{"@type":"ImageObject","inLanguage":"en-US","@id":"https:\/\/stadtmeister.ro\/de-ce-noi\/#primaryimage","url":"https:\/\/stadtmeister.ro\/wp-content\/uploads\/2022\/03\/de-ce-noi.png","contentUrl":"https:\/\/stadtmeister.ro\/wp-content\/uploads\/2022\/03\/de-ce-noi.png"},{"@type":"BreadcrumbList","@id":"https:\/\/stadtmeister.ro\/de-ce-noi\/#breadcrumb","itemListElement":[{"@type":"ListItem","position":1,"name":"Prima pagin\u0103","item":"https:\/\/stadtmeister.ro\/"},{"@type":"ListItem","position":2,"name":"De ce noi?"}]},{"@type":"WebSite","@id":"https:\/\/stadtmeister.ro\/#website","url":"https:\/\/stadtmeister.ro\/","name":"Stadtmeister","description":"Producatorul tau de tubulatura","potentialAction":[{"@type":"SearchAction","target":{"@type":"EntryPoint","urlTemplate":"https:\/\/stadtmeister.ro\/?s={search_term_string}"},"query-input":{"@type":"PropertyValueSpecification","valueRequired":true,"valueName":"search_term_string"}}],"inLanguage":"en-US"}]}},"_links":{"self":[{"href":"https:\/\/stadtmeister.ro\/en\/wp-json\/wp\/v2\/pages\/1682"}],"collection":[{"href":"https:\/\/stadtmeister.ro\/en\/wp-json\/wp\/v2\/pages"}],"about":[{"href":"https:\/\/stadtmeister.ro\/en\/wp-json\/wp\/v2\/types\/page"}],"author":[{"embeddable":true,"href":"https:\/\/stadtmeister.ro\/en\/wp-json\/wp\/v2\/users\/1"}],"replies":[{"embeddable":true,"href":"https:\/\/stadtmeister.ro\/en\/wp-json\/wp\/v2\/comments?post=1682"}],"version-history":[{"count":53,"href":"https:\/\/stadtmeister.ro\/en\/wp-json\/wp\/v2\/pages\/1682\/revisions"}],"predecessor-version":[{"id":4001,"href":"https:\/\/stadtmeister.ro\/en\/wp-json\/wp\/v2\/pages\/1682\/revisions\/4001"}],"wp:attachment":[{"href":"https:\/\/stadtmeister.ro\/en\/wp-json\/wp\/v2\/media?parent=1682"}],"curies":[{"name":"wp","href":"https:\/\/api.w.org\/{rel}","templated":true}]}}