{"id":17,"date":"2020-05-21T13:19:56","date_gmt":"2020-05-21T13:19:56","guid":{"rendered":"https:\/\/themes.muffingroup.com\/be\/grocery2_el\/?page_id=17"},"modified":"2025-04-17T11:25:32","modified_gmt":"2025-04-17T08:25:32","slug":"contact","status":"publish","type":"page","link":"https:\/\/stadtmeister.ro\/en\/contact\/","title":{"rendered":"Contact us"},"content":{"rendered":"<div data-elementor-type=\"wp-page\" data-elementor-id=\"17\" class=\"elementor elementor-17\">\n\t\t\t\t\t\t<section class=\"elementor-section elementor-top-section elementor-element elementor-element-1556a6d elementor-section-stretched elementor-section-boxed elementor-section-height-default elementor-section-height-default\" data-id=\"1556a6d\" data-element_type=\"section\" data-settings=\"{&quot;stretch_section&quot;:&quot;section-stretched&quot;}\">\n\t\t\t\t\t\t<div class=\"elementor-container elementor-column-gap-wider\">\n\t\t\t\t\t<div class=\"elementor-column elementor-col-100 elementor-top-column elementor-element elementor-element-a4efc77\" data-id=\"a4efc77\" data-element_type=\"column\">\n\t\t\t<div class=\"elementor-widget-wrap elementor-element-populated\">\n\t\t\t\t\t\t<section class=\"elementor-section elementor-inner-section elementor-element elementor-element-f3f2b3c elementor-section-boxed elementor-section-height-default elementor-section-height-default\" data-id=\"f3f2b3c\" data-element_type=\"section\">\n\t\t\t\t\t\t<div class=\"elementor-container elementor-column-gap-default\">\n\t\t\t\t\t<div class=\"elementor-column elementor-col-66 elementor-inner-column elementor-element elementor-element-8a08fd5\" data-id=\"8a08fd5\" data-element_type=\"column\">\n\t\t\t<div class=\"elementor-widget-wrap elementor-element-populated\">\n\t\t\t\t\t\t<div class=\"elementor-element elementor-element-722a94a elementor-widget elementor-widget-text-editor\" data-id=\"722a94a\" data-element_type=\"widget\" data-widget_type=\"text-editor.default\">\n\t\t\t\t<div class=\"elementor-widget-container\">\n\t\t\t\t\t\t\t\t\t<h2><a target=\"_blank\" rel=\"noopener\">Str. Constantin Gheorghe Nica nr.3<\/a><\/h2><h3>Bra\u0219ov, Romania<\/h3><h4><img decoding=\"async\" class=\"alignnone size-full wp-image-255\" src=\"\/wp-content\/uploads\/2020\/05\/grocery2-contact-pic1.png\" alt=\"\" width=\"282\" height=\"1\" srcset=\"https:\/\/stadtmeister.ro\/wp-content\/uploads\/2020\/05\/grocery2-contact-pic1.png 282w, https:\/\/stadtmeister.ro\/wp-content\/uploads\/2020\/05\/grocery2-contact-pic1-150x1.png 150w, https:\/\/stadtmeister.ro\/wp-content\/uploads\/2020\/05\/grocery2-contact-pic1-260x1.png 260w, https:\/\/stadtmeister.ro\/wp-content\/uploads\/2020\/05\/grocery2-contact-pic1-50x1.png 50w, https:\/\/stadtmeister.ro\/wp-content\/uploads\/2020\/05\/grocery2-contact-pic1-85x1.png 85w, https:\/\/stadtmeister.ro\/wp-content\/uploads\/2020\/05\/grocery2-contact-pic1-80x1.png 80w\" sizes=\"(max-width: 282px) 100vw, 282px\" \/><\/h4><div class=\"separatorContact\"><h5><i class=\"icon-mobile\" style=\"color:#f7931e\"><\/i> <a href=\"tel:0754429720\"><span style=\"color: #263a96;\">0754 429 720 <\/span><\/a><span style=\"color: #263a96;\">&#8211; Dep. Comercial<\/span><\/h5><\/div><div class=\"separatorContact\"><h5><i class=\"icon-mobile\" style=\"color:#f7931e\"><\/i><a href=\"tel: 40755778844\"><span style=\"color: #263a96;\">0755 778 844<\/span> &#8211; Dep. Achizi\u021bii \/ Logistic\u0103 &#8211; M\u0103d\u0103lina T\u0103nase<\/a><\/h5><h5><i class=\"icon-mail\" style=\"color:#f7931e\"><\/i> Email: <a href=\"mailto:madalina.tanase@stadtmeister.ro\">madalina.tanase@stadtmeister.ro<\/a><\/h5><\/div><div class=\"separatorContact\"><h5><i class=\"icon-mobile\" style=\"color:#f7931e\"><\/i><a href=\"tel:0758734567\"><span style=\"color: #263a96;\">0758 734 567<\/span> &#8211; Director Tehnic &#8211; Constantin R\u0103dulescu<\/a><\/h5><\/div><div class=\"separatorContact\"><h5><i class=\"icon-mobile\" style=\"color:#f7931e\"><\/i><a href=\"tel:0744145943\"><span style=\"color: #263a96;\">0744 145 943<\/span> &#8211; Manager General &#8211; Paul R\u0103dulescu<\/a><\/h5><h5><i class=\"icon-mail\" style=\"color:#f7931e\"><\/i> Email: <a href=\"mailto:paul@stadtmeister.ro\">paul@stadtmeister.ro<\/a><\/h5><\/div><h5><i class=\"icon-mail\" style=\"color:#f7931e\"><\/i> Info: <a href=\"mailto:vanzari@stadtmeister.ro\">vanzari@stadtmeister.ro<\/a><\/h5><h6 style=\"margin-top: 15px;\">Ne poti contacta pentru informatii: L-V: 07:30 am \u2013 16:00 pm<\/h6>\t\t\t\t\t\t\t\t<\/div>\n\t\t\t\t<\/div>\n\t\t\t\t<div class=\"elementor-element elementor-element-d908621 elementor-widget elementor-widget-google_maps\" data-id=\"d908621\" data-element_type=\"widget\" data-widget_type=\"google_maps.default\">\n\t\t\t\t<div class=\"elementor-widget-container\">\n\t\t\t\t\t\t\t<div class=\"elementor-custom-embed\">\n\t\t\t<iframe loading=\"lazy\"\n\t\t\t\t\tsrc=\"https:\/\/maps.google.com\/maps?q=Constantin%20Gheorghe%20Nica%203%20Brasov&#038;t=m&#038;z=15&#038;output=embed&#038;iwloc=near\"\n\t\t\t\t\ttitle=\"Constantin Gheorghe Nica 3 Brasov\"\n\t\t\t\t\taria-label=\"Constantin Gheorghe Nica 3 Brasov\"\n\t\t\t><\/iframe>\n\t\t<\/div>\n\t\t\t\t\t\t<\/div>\n\t\t\t\t<\/div>\n\t\t\t\t\t<\/div>\n\t\t<\/div>\n\t\t\t\t<div class=\"elementor-column elementor-col-33 elementor-inner-column elementor-element elementor-element-ffca197\" data-id=\"ffca197\" data-element_type=\"column\" data-settings=\"{&quot;background_background&quot;:&quot;classic&quot;}\">\n\t\t\t<div class=\"elementor-widget-wrap elementor-element-populated\">\n\t\t\t\t\t\t<div class=\"elementor-element elementor-element-6a0a133 elementor-widget elementor-widget-text-editor\" data-id=\"6a0a133\" data-element_type=\"widget\" data-widget_type=\"text-editor.default\">\n\t\t\t\t<div class=\"elementor-widget-container\">\n\t\t\t\t\t\t\t\t\t<h3>Contact form<\/h3>\n\n<div class=\"wpcf7 no-js\" id=\"wpcf7-f239-o1\" lang=\"en-US\" dir=\"ltr\" data-wpcf7-id=\"239\">\n<div class=\"screen-reader-response\"><p role=\"status\" aria-live=\"polite\" aria-atomic=\"true\"><\/p> <ul><\/ul><\/div>\n<form action=\"\/en\/wp-json\/wp\/v2\/pages\/17#wpcf7-f239-o1\" method=\"post\" class=\"wpcf7-form init\" aria-label=\"Contact form\" enctype=\"multipart\/form-data\" novalidate=\"novalidate\" data-status=\"init\" data-trp-original-action=\"\/en\/wp-json\/wp\/v2\/pages\/17#wpcf7-f239-o1\">\n<div style=\"display: none;\">\n<input type=\"hidden\" name=\"_wpcf7\" value=\"239\" \/>\n<input type=\"hidden\" name=\"_wpcf7_version\" value=\"6.0.3\" \/>\n<input type=\"hidden\" name=\"_wpcf7_locale\" value=\"en_US\" \/>\n<input type=\"hidden\" name=\"_wpcf7_unit_tag\" value=\"wpcf7-f239-o1\" \/>\n<input type=\"hidden\" name=\"_wpcf7_container_post\" value=\"0\" \/>\n<input type=\"hidden\" name=\"_wpcf7_posted_data_hash\" value=\"\" \/>\n<input type=\"hidden\" name=\"_wpcf7_recaptcha_response\" value=\"\" \/>\n<\/div>\n<div class=\"column one\">\n\t<p><span class=\"wpcf7-form-control-wrap\" data-name=\"your-name\"><input size=\"40\" maxlength=\"400\" class=\"wpcf7-form-control wpcf7-text wpcf7-validates-as-required\" aria-required=\"true\" aria-invalid=\"false\" placeholder=\"First Name\" value=\"\" type=\"text\" name=\"your-name\" \/><\/span>\n\t<\/p>\n<\/div>\n<div class=\"column one\">\n\t<p><span class=\"wpcf7-form-control-wrap\" data-name=\"your-email\"><input size=\"40\" maxlength=\"400\" class=\"wpcf7-form-control wpcf7-email wpcf7-validates-as-required wpcf7-text wpcf7-validates-as-email\" aria-required=\"true\" aria-invalid=\"false\" placeholder=\"Email\" value=\"\" type=\"email\" name=\"your-email\" \/><\/span>\n\t<\/p>\n<\/div>\n<div class=\"column one\">\n\t<p><span class=\"wpcf7-form-control-wrap\" data-name=\"your-phone\"><input size=\"40\" maxlength=\"400\" class=\"wpcf7-form-control wpcf7-tel wpcf7-validates-as-required wpcf7-text wpcf7-validates-as-tel\" aria-required=\"true\" aria-invalid=\"false\" placeholder=\"Phone\" value=\"\" type=\"tel\" name=\"your-phone\" \/><\/span>\n\t<\/p>\n<\/div>\n<div class=\"column one\">\n\t<p><span class=\"wpcf7-form-control-wrap\" data-name=\"functie\"><input size=\"40\" maxlength=\"400\" class=\"wpcf7-form-control wpcf7-text\" aria-invalid=\"false\" placeholder=\"Position in company\" value=\"\" type=\"text\" name=\"functie\" \/><\/span>\n\t<\/p>\n<\/div>\n<div class=\"column one\">\n\t<p><span class=\"wpcf7-form-control-wrap\" data-name=\"firma\"><input size=\"40\" maxlength=\"400\" class=\"wpcf7-form-control wpcf7-text wpcf7-validates-as-required\" aria-required=\"true\" aria-invalid=\"false\" placeholder=\"Company\" value=\"\" type=\"text\" name=\"firma\" \/><\/span>\n\t<\/p>\n<\/div>\n<div class=\"column one\">\n\t<p><span class=\"wpcf7-form-control-wrap\" data-name=\"cui\"><input size=\"40\" maxlength=\"400\" class=\"wpcf7-form-control wpcf7-text wpcf7-validates-as-required\" aria-required=\"true\" aria-invalid=\"false\" placeholder=\"VAT Number\" value=\"\" type=\"text\" name=\"cui\" \/><\/span>\n\t<\/p>\n<\/div>\n<div class=\"column one\">\n\t<p>Request the offer as:<br \/>\n<span class=\"wpcf7-form-control-wrap\" data-name=\"menu-609\"><select class=\"wpcf7-form-control wpcf7-select\" aria-invalid=\"false\" name=\"menu-609\"><option value=\"\">&#8212;Please choose an option&#8212;<\/option><option value=\"Firma de arhitectura.\">Architecture company.<\/option><option value=\"Firma de proiectare instalatii\">Installation design company<\/option><option value=\"Antreprenor general\">General contractor<\/option><option value=\"Subantreprenor\">Subcontractor<\/option><option value=\"Institutie de stat\">State institution<\/option><option value=\"Firma de instalatii\">Installation company<\/option><option value=\"Executant de sisteme ventilatii\">Execution of ventilation systems<\/option><option value=\"Altele\">Other<\/option><\/select><\/span>\n\t<\/p>\n<\/div>\n<div class=\"column one\">\n\t<p>Is the work already contracted? <span class=\"wpcf7-form-control-wrap\" data-name=\"radio-949\"><span class=\"wpcf7-form-control wpcf7-radio\"><span class=\"wpcf7-list-item first\"><input type=\"radio\" name=\"radio-949\" value=\"Da\" \/><span class=\"wpcf7-list-item-label\">Yes<\/span><\/span><span class=\"wpcf7-list-item last\"><input type=\"radio\" name=\"radio-949\" value=\"Nu\" \/><span class=\"wpcf7-list-item-label\">No<\/span><\/span><\/span><\/span>\n\t<\/p>\n<\/div>\n<div class=\"column one\">\n\t<p>Project size in sqm piping: <span class=\"wpcf7-form-control-wrap\" data-name=\"menu-9\"><select class=\"wpcf7-form-control wpcf7-select\" aria-invalid=\"false\" name=\"menu-9\"><option value=\"\">&#8212;Please choose an option&#8212;<\/option><option value=\"&lt;100 mp\">&lt;100 mp<\/option><option value=\"100 \u2013 500 mp\">100 \u2013 500 mp<\/option><option value=\"500 \u2013 1000 mp\">500 \u2013 1000 mp<\/option><option value=\"&gt;1000 mp\">&gt;1000 mp<\/option><\/select><\/span>\n\t<\/p>\n<\/div>\n<div class=\"column one\">\n\t<p>Send project details here (maximum 20mb) <span class=\"wpcf7-form-control-wrap\" data-name=\"file-693\"><input size=\"40\" class=\"wpcf7-form-control wpcf7-file\" accept=\".pdf,.docx,.doc\" aria-invalid=\"false\" type=\"file\" name=\"file-693\" \/><\/span>\n\t<\/p>\n\t<p class=\"info\"><span>*<\/span>If the files are larger you can use the Wetransfer website (Email: comenzi@stadtmeister.ro)\n\t<\/p>\n<\/div>\n<div class=\"column one\">\n\t<p>What is the budget allocated for materials similar to those on our platform? (in EURO no VAT) <span class=\"wpcf7-form-control-wrap\" data-name=\"number-898\"><input class=\"wpcf7-form-control wpcf7-number wpcf7-validates-as-number\" aria-invalid=\"false\" value=\"\" type=\"number\" name=\"number-898\" \/><\/span>\n\t<\/p>\n<\/div>\n<div class=\"column one\">\n\t<p><span class=\"wpcf7-form-control-wrap\" data-name=\"your-message\"><textarea cols=\"40\" rows=\"3\" maxlength=\"2000\" class=\"wpcf7-form-control wpcf7-textarea\" aria-invalid=\"false\" placeholder=\"Do you want to tell us other details?\" name=\"your-message\"><\/textarea><\/span>\n\t<\/p>\n<\/div>\n<p><span class=\"wpcf7-form-control-wrap\" data-name=\"acceptance-604\"><span class=\"wpcf7-form-control wpcf7-acceptance\"><span class=\"wpcf7-list-item\"><label><input type=\"checkbox\" name=\"acceptance-604\" value=\"1\" aria-invalid=\"false\" \/><span class=\"wpcf7-list-item-label\">I agree with the privacy policy<\/span><\/label><\/span><\/span><\/span><br \/>\n<span class=\"wpcf7-form-control-wrap recaptcha\" data-name=\"recaptcha\"><span data-sitekey=\"6LfrOMIqAAAAADhFZSpdaiJUZxRPuL7LLisg2VBl\" class=\"wpcf7-form-control wpcf7-recaptcha g-recaptcha\"><\/span>\r\n<noscript>\r\n\t<div class=\"grecaptcha-noscript\">\r\n\t\t<iframe src=\"https:\/\/www.google.com\/recaptcha\/api\/fallback?k=6LfrOMIqAAAAADhFZSpdaiJUZxRPuL7LLisg2VBl\" frameborder=\"0\" scrolling=\"no\" width=\"310\" height=\"430\">\r\n\t\t<\/iframe>\r\n\t\t<textarea name=\"g-recaptcha-response\" rows=\"3\" cols=\"40\" placeholder=\"reCaptcha Response Here\">\r\n\t\t<\/textarea>\r\n\t<\/div>\r\n<\/noscript>\r\n<\/span>\n<\/p>\n<div class=\"column one\">\n\t<p><input class=\"wpcf7-form-control wpcf7-submit has-spinner\" type=\"submit\" value=\"Send\" \/>\n\t<\/p>\n<\/div><div class=\"wpcf7-response-output\" aria-hidden=\"true\"><\/div>\n<input type=\"hidden\" name=\"trp-form-language\" value=\"en\"\/><\/form>\n<\/div>\n\t\t\t\t\t\t\t\t<\/div>\n\t\t\t\t<\/div>\n\t\t\t\t\t<\/div>\n\t\t<\/div>\n\t\t\t\t\t<\/div>\n\t\t<\/section>\n\t\t\t\t\t<\/div>\n\t\t<\/div>\n\t\t\t\t\t<\/div>\n\t\t<\/section>\n\t\t\t\t<section class=\"elementor-section elementor-top-section elementor-element elementor-element-2ce30bb elementor-section-stretched elementor-section-boxed elementor-section-height-default elementor-section-height-default\" data-id=\"2ce30bb\" data-element_type=\"section\" data-settings=\"{&quot;stretch_section&quot;:&quot;section-stretched&quot;}\">\n\t\t\t\t\t\t<div class=\"elementor-container elementor-column-gap-wider\">\n\t\t\t\t\t<div class=\"elementor-column elementor-col-100 elementor-top-column elementor-element elementor-element-6606883\" data-id=\"6606883\" data-element_type=\"column\">\n\t\t\t<div class=\"elementor-widget-wrap elementor-element-populated\">\n\t\t\t\t\t\t<section class=\"elementor-section elementor-inner-section elementor-element elementor-element-19a302a elementor-section-boxed elementor-section-height-default elementor-section-height-default\" data-id=\"19a302a\" data-element_type=\"section\">\n\t\t\t\t\t\t<div class=\"elementor-container elementor-column-gap-default\">\n\t\t\t\t\t<div class=\"elementor-column elementor-col-100 elementor-inner-column elementor-element elementor-element-cf10d16\" data-id=\"cf10d16\" data-element_type=\"column\">\n\t\t\t<div class=\"elementor-widget-wrap elementor-element-populated\">\n\t\t\t\t\t\t<div class=\"elementor-element elementor-element-1f8d499 elementor-widget elementor-widget-mfn_testimonials\" data-id=\"1f8d499\" data-element_type=\"widget\" data-widget_type=\"mfn_testimonials.default\">\n\t\t\t\t<div class=\"elementor-widget-container\">\n\t\t\t\t\t<div class=\"testimonials_slider single-photo\"><ul class=\"testimonials_slider_ul\"><li><div class=\"single-photo-img\"><img decoding=\"async\" width=\"85\" height=\"85\" src=\"https:\/\/stadtmeister.ro\/wp-content\/uploads\/2021\/11\/yondclima-85x85.jpg\" class=\"scale-with-grid wp-post-image\" alt=\"\" srcset=\"https:\/\/stadtmeister.ro\/wp-content\/uploads\/2021\/11\/yondclima-85x85.jpg 85w, https:\/\/stadtmeister.ro\/wp-content\/uploads\/2021\/11\/yondclima-150x150.jpg 150w, https:\/\/stadtmeister.ro\/wp-content\/uploads\/2021\/11\/yondclima-80x80.jpg 80w\" sizes=\"(max-width: 85px) 100vw, 85px\" \/><\/div><div class=\"bq_wrapper\"><blockquote>Professionalism and adaptation to the project, product quality, trained and prompt staff.<\/blockquote><\/div><div class=\"hr_dots\"><span><\/span><span><\/span><span><\/span><\/div><div class=\"author\"><h5>YONDCLIMA SRL<\/h5><span class=\"company\"><\/span><\/div><\/li><li><div class=\"single-photo-img\"><img decoding=\"async\" width=\"85\" height=\"85\" src=\"https:\/\/stadtmeister.ro\/wp-content\/uploads\/2021\/11\/cropped-cropped-logo-png-512x512-1-85x85.png\" class=\"scale-with-grid wp-post-image\" alt=\"\" srcset=\"https:\/\/stadtmeister.ro\/wp-content\/uploads\/2021\/11\/cropped-cropped-logo-png-512x512-1-85x85.png 85w, https:\/\/stadtmeister.ro\/wp-content\/uploads\/2021\/11\/cropped-cropped-logo-png-512x512-1-150x150.png 150w, https:\/\/stadtmeister.ro\/wp-content\/uploads\/2021\/11\/cropped-cropped-logo-png-512x512-1-146x146.png 146w, https:\/\/stadtmeister.ro\/wp-content\/uploads\/2021\/11\/cropped-cropped-logo-png-512x512-1-50x50.png 50w, https:\/\/stadtmeister.ro\/wp-content\/uploads\/2021\/11\/cropped-cropped-logo-png-512x512-1-75x75.png 75w, https:\/\/stadtmeister.ro\/wp-content\/uploads\/2021\/11\/cropped-cropped-logo-png-512x512-1-80x80.png 80w, https:\/\/stadtmeister.ro\/wp-content\/uploads\/2021\/11\/cropped-cropped-logo-png-512x512-1.png 250w\" sizes=\"(max-width: 85px) 100vw, 85px\" \/><\/div><div class=\"bq_wrapper\"><blockquote>In short, EXPEDIENCE and RESPECT.<\/blockquote><\/div><div class=\"hr_dots\"><span><\/span><span><\/span><span><\/span><\/div><div class=\"author\"><h5>C.C.C. KRONSTADT SRL<\/h5><span class=\"company\"><\/span><\/div><\/li><li><div class=\"single-photo-img\"><img loading=\"lazy\" decoding=\"async\" width=\"85\" height=\"85\" src=\"https:\/\/stadtmeister.ro\/wp-content\/uploads\/2020\/05\/KER-300x120-1-85x85.png\" class=\"scale-with-grid wp-post-image\" alt=\"\" srcset=\"https:\/\/stadtmeister.ro\/wp-content\/uploads\/2020\/05\/KER-300x120-1-85x85.png 85w, https:\/\/stadtmeister.ro\/wp-content\/uploads\/2020\/05\/KER-300x120-1-80x80.png 80w\" sizes=\"(max-width: 85px) 100vw, 85px\" \/><\/div><div class=\"bq_wrapper\"><blockquote>Excellent staff, timely delivery of products and services, in a word QUALITY.<\/blockquote><\/div><div class=\"hr_dots\"><span><\/span><span><\/span><span><\/span><\/div><div class=\"author\"><h5>Kronstadt Energii Regenerabile Srl<\/h5><span class=\"company\"><\/span><\/div><\/li><li><div class=\"single-photo-img\"><img loading=\"lazy\" decoding=\"async\" width=\"85\" height=\"85\" src=\"https:\/\/stadtmeister.ro\/wp-content\/uploads\/2020\/05\/quin-300x225-1-85x85.jpg\" class=\"scale-with-grid wp-post-image\" alt=\"\" srcset=\"https:\/\/stadtmeister.ro\/wp-content\/uploads\/2020\/05\/quin-300x225-1-85x85.jpg 85w, https:\/\/stadtmeister.ro\/wp-content\/uploads\/2020\/05\/quin-300x225-1-150x150.jpg 150w, https:\/\/stadtmeister.ro\/wp-content\/uploads\/2020\/05\/quin-300x225-1-80x80.jpg 80w\" sizes=\"(max-width: 85px) 100vw, 85px\" \/><\/div><div class=\"bq_wrapper\"><blockquote>A collaboration of over 8 years in which we trust.<\/blockquote><\/div><div class=\"hr_dots\"><span><\/span><span><\/span><span><\/span><\/div><div class=\"author\"><h5>Joysonquin Automotive Systems Romania Srl<\/h5><span class=\"company\"><\/span><\/div><\/li><\/ul><div class=\"slider_pager slider_pagination\"><\/div><\/div>\n\t\t\t\t<\/div>\n\t\t\t\t<\/div>\n\t\t\t\t\t<\/div>\n\t\t<\/div>\n\t\t\t\t\t<\/div>\n\t\t<\/section>\n\t\t\t\t\t<\/div>\n\t\t<\/div>\n\t\t\t\t\t<\/div>\n\t\t<\/section>\n\t\t\t\t<\/div>","protected":false},"excerpt":{"rendered":"<p>Str. Constantin Gheorghe Nica nr.3 Bra\u0219ov, Romania 0754 429 720 &#8211; Dep. Comercial 0755 778 844 &#8211; Dep. Achizi\u021bii \/ Logistic\u0103 &#8211; M\u0103d\u0103lina T\u0103nase Email: madalina.tanase@stadtmeister.ro<span class=\"excerpt-hellip\"> [\u2026]<\/span><\/p>","protected":false},"author":1,"featured_media":0,"parent":0,"menu_order":0,"comment_status":"closed","ping_status":"closed","template":"","meta":{"_acf_changed":false,"footnotes":""},"class_list":["post-17","page","type-page","status-publish","hentry"],"acf":[],"yoast_head":"<!-- This site is optimized with the Yoast SEO plugin v24.3 - https:\/\/yoast.com\/wordpress\/plugins\/seo\/ -->\n<title>Contact - Stadtmeister<\/title>\n<meta name=\"robots\" content=\"index, follow, max-snippet:-1, max-image-preview:large, max-video-preview:-1\" \/>\n<link rel=\"canonical\" href=\"https:\/\/stadtmeister.ro\/en\/contact\/\" \/>\n<meta property=\"og:locale\" content=\"en_US\" \/>\n<meta property=\"og:type\" content=\"article\" \/>\n<meta property=\"og:title\" content=\"Contact - Stadtmeister\" \/>\n<meta property=\"og:description\" content=\"Str. Constantin Gheorghe Nica nr.3 Bra\u0219ov, Romania 0754 429 720 &#8211; Dep. Comercial 0755 778 844 &#8211; Dep. Achizi\u021bii \/ Logistic\u0103 &#8211; M\u0103d\u0103lina T\u0103nase Email: madalina.tanase@stadtmeister.ro [\u2026]\" \/>\n<meta property=\"og:url\" content=\"https:\/\/stadtmeister.ro\/en\/contact\/\" \/>\n<meta property=\"og:site_name\" content=\"Stadtmeister\" \/>\n<meta property=\"article:modified_time\" content=\"2025-04-17T08:25:32+00:00\" \/>\n<meta property=\"og:image\" content=\"https:\/\/stadtmeister.ro\/wp-content\/uploads\/2021\/11\/yondclima-85x85.jpg\" \/>\n<meta name=\"twitter:card\" content=\"summary_large_image\" \/>\n<meta name=\"twitter:label1\" content=\"Est. reading time\" \/>\n\t<meta name=\"twitter:data1\" content=\"4 minutes\" \/>\n<script type=\"application\/ld+json\" class=\"yoast-schema-graph\">{\"@context\":\"https:\/\/schema.org\",\"@graph\":[{\"@type\":\"WebPage\",\"@id\":\"https:\/\/stadtmeister.ro\/contact\/\",\"url\":\"https:\/\/stadtmeister.ro\/contact\/\",\"name\":\"Contact - Stadtmeister\",\"isPartOf\":{\"@id\":\"https:\/\/stadtmeister.ro\/#website\"},\"primaryImageOfPage\":{\"@id\":\"https:\/\/stadtmeister.ro\/contact\/#primaryimage\"},\"image\":{\"@id\":\"https:\/\/stadtmeister.ro\/contact\/#primaryimage\"},\"thumbnailUrl\":\"https:\/\/stadtmeister.ro\/wp-content\/uploads\/2021\/11\/yondclima-85x85.jpg\",\"datePublished\":\"2020-05-21T13:19:56+00:00\",\"dateModified\":\"2025-04-17T08:25:32+00:00\",\"breadcrumb\":{\"@id\":\"https:\/\/stadtmeister.ro\/contact\/#breadcrumb\"},\"inLanguage\":\"en-US\",\"potentialAction\":[{\"@type\":\"ReadAction\",\"target\":[\"https:\/\/stadtmeister.ro\/contact\/\"]}]},{\"@type\":\"ImageObject\",\"inLanguage\":\"en-US\",\"@id\":\"https:\/\/stadtmeister.ro\/contact\/#primaryimage\",\"url\":\"https:\/\/stadtmeister.ro\/wp-content\/uploads\/2021\/11\/yondclima-85x85.jpg\",\"contentUrl\":\"https:\/\/stadtmeister.ro\/wp-content\/uploads\/2021\/11\/yondclima-85x85.jpg\"},{\"@type\":\"BreadcrumbList\",\"@id\":\"https:\/\/stadtmeister.ro\/contact\/#breadcrumb\",\"itemListElement\":[{\"@type\":\"ListItem\",\"position\":1,\"name\":\"Prima pagin\u0103\",\"item\":\"https:\/\/stadtmeister.ro\/\"},{\"@type\":\"ListItem\",\"position\":2,\"name\":\"Contact\"}]},{\"@type\":\"WebSite\",\"@id\":\"https:\/\/stadtmeister.ro\/#website\",\"url\":\"https:\/\/stadtmeister.ro\/\",\"name\":\"Stadtmeister\",\"description\":\"Producatorul tau de tubulatura\",\"potentialAction\":[{\"@type\":\"SearchAction\",\"target\":{\"@type\":\"EntryPoint\",\"urlTemplate\":\"https:\/\/stadtmeister.ro\/?s={search_term_string}\"},\"query-input\":{\"@type\":\"PropertyValueSpecification\",\"valueRequired\":true,\"valueName\":\"search_term_string\"}}],\"inLanguage\":\"en-US\"}]}<\/script>\n<!-- \/ Yoast SEO plugin. -->","yoast_head_json":{"title":"Contact - Stadtmeister","robots":{"index":"index","follow":"follow","max-snippet":"max-snippet:-1","max-image-preview":"max-image-preview:large","max-video-preview":"max-video-preview:-1"},"canonical":"https:\/\/stadtmeister.ro\/en\/contact\/","og_locale":"en_US","og_type":"article","og_title":"Contact - Stadtmeister","og_description":"Str. Constantin Gheorghe Nica nr.3 Bra\u0219ov, Romania 0754 429 720 &#8211; Dep. Comercial 0755 778 844 &#8211; Dep. Achizi\u021bii \/ Logistic\u0103 &#8211; M\u0103d\u0103lina T\u0103nase Email: madalina.tanase@stadtmeister.ro [\u2026]","og_url":"https:\/\/stadtmeister.ro\/en\/contact\/","og_site_name":"Stadtmeister","article_modified_time":"2025-04-17T08:25:32+00:00","og_image":[{"url":"https:\/\/stadtmeister.ro\/wp-content\/uploads\/2021\/11\/yondclima-85x85.jpg","type":"","width":"","height":""}],"twitter_card":"summary_large_image","twitter_misc":{"Est. reading time":"4 minutes"},"schema":{"@context":"https:\/\/schema.org","@graph":[{"@type":"WebPage","@id":"https:\/\/stadtmeister.ro\/contact\/","url":"https:\/\/stadtmeister.ro\/contact\/","name":"Contact - Stadtmeister","isPartOf":{"@id":"https:\/\/stadtmeister.ro\/#website"},"primaryImageOfPage":{"@id":"https:\/\/stadtmeister.ro\/contact\/#primaryimage"},"image":{"@id":"https:\/\/stadtmeister.ro\/contact\/#primaryimage"},"thumbnailUrl":"https:\/\/stadtmeister.ro\/wp-content\/uploads\/2021\/11\/yondclima-85x85.jpg","datePublished":"2020-05-21T13:19:56+00:00","dateModified":"2025-04-17T08:25:32+00:00","breadcrumb":{"@id":"https:\/\/stadtmeister.ro\/contact\/#breadcrumb"},"inLanguage":"en-US","potentialAction":[{"@type":"ReadAction","target":["https:\/\/stadtmeister.ro\/contact\/"]}]},{"@type":"ImageObject","inLanguage":"en-US","@id":"https:\/\/stadtmeister.ro\/contact\/#primaryimage","url":"https:\/\/stadtmeister.ro\/wp-content\/uploads\/2021\/11\/yondclima-85x85.jpg","contentUrl":"https:\/\/stadtmeister.ro\/wp-content\/uploads\/2021\/11\/yondclima-85x85.jpg"},{"@type":"BreadcrumbList","@id":"https:\/\/stadtmeister.ro\/contact\/#breadcrumb","itemListElement":[{"@type":"ListItem","position":1,"name":"Prima pagin\u0103","item":"https:\/\/stadtmeister.ro\/"},{"@type":"ListItem","position":2,"name":"Contact"}]},{"@type":"WebSite","@id":"https:\/\/stadtmeister.ro\/#website","url":"https:\/\/stadtmeister.ro\/","name":"Stadtmeister","description":"Producatorul tau de tubulatura","potentialAction":[{"@type":"SearchAction","target":{"@type":"EntryPoint","urlTemplate":"https:\/\/stadtmeister.ro\/?s={search_term_string}"},"query-input":{"@type":"PropertyValueSpecification","valueRequired":true,"valueName":"search_term_string"}}],"inLanguage":"en-US"}]}},"_links":{"self":[{"href":"https:\/\/stadtmeister.ro\/en\/wp-json\/wp\/v2\/pages\/17"}],"collection":[{"href":"https:\/\/stadtmeister.ro\/en\/wp-json\/wp\/v2\/pages"}],"about":[{"href":"https:\/\/stadtmeister.ro\/en\/wp-json\/wp\/v2\/types\/page"}],"author":[{"embeddable":true,"href":"https:\/\/stadtmeister.ro\/en\/wp-json\/wp\/v2\/users\/1"}],"replies":[{"embeddable":true,"href":"https:\/\/stadtmeister.ro\/en\/wp-json\/wp\/v2\/comments?post=17"}],"version-history":[{"count":83,"href":"https:\/\/stadtmeister.ro\/en\/wp-json\/wp\/v2\/pages\/17\/revisions"}],"predecessor-version":[{"id":5126,"href":"https:\/\/stadtmeister.ro\/en\/wp-json\/wp\/v2\/pages\/17\/revisions\/5126"}],"wp:attachment":[{"href":"https:\/\/stadtmeister.ro\/en\/wp-json\/wp\/v2\/media?parent=17"}],"curies":[{"name":"wp","href":"https:\/\/api.w.org\/{rel}","templated":true}]}}