{"id":676,"date":"2021-12-01T08:50:25","date_gmt":"2021-12-01T08:50:25","guid":{"rendered":"https:\/\/vent.agentweb.ro\/?page_id=676"},"modified":"2021-12-01T09:01:22","modified_gmt":"2021-12-01T09:01:22","slug":"certificari-si-autorizatii","status":"publish","type":"page","link":"https:\/\/stadtmeister.ro\/en\/certificari-si-autorizatii\/","title":{"rendered":"Certificari si autorizatii"},"content":{"rendered":"<div data-elementor-type=\"wp-page\" data-elementor-id=\"676\" class=\"elementor elementor-676\">\n\t\t\t\t\t\t<section class=\"elementor-section elementor-top-section elementor-element elementor-element-0b061e5 elementor-section-stretched elementor-section-boxed elementor-section-height-default elementor-section-height-default\" data-id=\"0b061e5\" data-element_type=\"section\" data-settings=\"{&quot;stretch_section&quot;:&quot;section-stretched&quot;}\">\n\t\t\t\t\t\t<div class=\"elementor-container elementor-column-gap-wider\">\n\t\t\t\t\t<div class=\"elementor-column elementor-col-100 elementor-top-column elementor-element elementor-element-2ddf14a\" data-id=\"2ddf14a\" data-element_type=\"column\">\n\t\t\t<div class=\"elementor-widget-wrap elementor-element-populated\">\n\t\t\t\t\t\t<div class=\"elementor-element elementor-element-197e66f elementor-widget elementor-widget-heading\" data-id=\"197e66f\" data-element_type=\"widget\" data-widget_type=\"heading.default\">\n\t\t\t\t<div class=\"elementor-widget-container\">\n\t\t\t\t\t<h2 class=\"elementor-heading-title elementor-size-default\">Certificare ISO 9001:2015<\/h2>\t\t\t\t<\/div>\n\t\t\t\t<\/div>\n\t\t\t\t<section class=\"elementor-section elementor-inner-section elementor-element elementor-element-d2359d3 elementor-section-content-middle elementor-reverse-mobile elementor-section-boxed elementor-section-height-default elementor-section-height-default\" data-id=\"d2359d3\" data-element_type=\"section\">\n\t\t\t\t\t\t<div class=\"elementor-container elementor-column-gap-default\">\n\t\t\t\t\t<div class=\"elementor-column elementor-col-50 elementor-inner-column elementor-element elementor-element-483ea6f\" data-id=\"483ea6f\" data-element_type=\"column\">\n\t\t\t<div class=\"elementor-widget-wrap elementor-element-populated\">\n\t\t\t\t\t\t<div class=\"elementor-element elementor-element-3972f4a elementor-widget elementor-widget-image\" data-id=\"3972f4a\" data-element_type=\"widget\" data-widget_type=\"image.default\">\n\t\t\t\t<div class=\"elementor-widget-container\">\n\t\t\t\t\t\t\t\t\t\t\t\t\t\t\t\t<a href=\"https:\/\/stadtmeister.ro\/wp-content\/uploads\/2021\/12\/Scan2020-09-21_094851_000.jpg\" data-elementor-open-lightbox=\"yes\" data-elementor-lightbox-title=\"Scan2020-09-21_094851_000\" data-e-action-hash=\"#elementor-action%3Aaction%3Dlightbox%26settings%3DeyJpZCI6Njc5LCJ1cmwiOiJodHRwczpcL1wvc3RhZHRtZWlzdGVyLnJvXC93cC1jb250ZW50XC91cGxvYWRzXC8yMDIxXC8xMlwvU2NhbjIwMjAtMDktMjFfMDk0ODUxXzAwMC5qcGcifQ%3D%3D\">\n\t\t\t\t\t\t\t<img fetchpriority=\"high\" decoding=\"async\" width=\"718\" height=\"1024\" src=\"https:\/\/stadtmeister.ro\/wp-content\/uploads\/2021\/12\/Scan2020-09-21_094851_000-718x1024.jpg\" class=\"attachment-large size-large wp-image-679\" alt=\"\" srcset=\"https:\/\/stadtmeister.ro\/wp-content\/uploads\/2021\/12\/Scan2020-09-21_094851_000-718x1024.jpg 718w, https:\/\/stadtmeister.ro\/wp-content\/uploads\/2021\/12\/Scan2020-09-21_094851_000-800x1142.jpg 800w, https:\/\/stadtmeister.ro\/wp-content\/uploads\/2021\/12\/Scan2020-09-21_094851_000-210x300.jpg 210w, https:\/\/stadtmeister.ro\/wp-content\/uploads\/2021\/12\/Scan2020-09-21_094851_000-768x1096.jpg 768w, https:\/\/stadtmeister.ro\/wp-content\/uploads\/2021\/12\/Scan2020-09-21_094851_000-102x146.jpg 102w, https:\/\/stadtmeister.ro\/wp-content\/uploads\/2021\/12\/Scan2020-09-21_094851_000-35x50.jpg 35w, https:\/\/stadtmeister.ro\/wp-content\/uploads\/2021\/12\/Scan2020-09-21_094851_000-53x75.jpg 53w, https:\/\/stadtmeister.ro\/wp-content\/uploads\/2021\/12\/Scan2020-09-21_094851_000.jpg 803w\" sizes=\"(max-width: 718px) 100vw, 718px\" \/>\t\t\t\t\t\t\t\t<\/a>\n\t\t\t\t\t\t\t\t\t\t\t\t\t\t\t<\/div>\n\t\t\t\t<\/div>\n\t\t\t\t\t<\/div>\n\t\t<\/div>\n\t\t\t\t<div class=\"elementor-column elementor-col-50 elementor-inner-column elementor-element elementor-element-dae3e66\" data-id=\"dae3e66\" data-element_type=\"column\">\n\t\t\t<div class=\"elementor-widget-wrap elementor-element-populated\">\n\t\t\t\t\t\t<div class=\"elementor-element elementor-element-85a8857 elementor-widget elementor-widget-image\" data-id=\"85a8857\" data-element_type=\"widget\" data-widget_type=\"image.default\">\n\t\t\t\t<div class=\"elementor-widget-container\">\n\t\t\t\t\t\t\t\t\t\t\t\t\t\t\t\t<a href=\"https:\/\/stadtmeister.ro\/wp-content\/uploads\/2021\/12\/Scan2020-09-21_094851_001.jpg\" data-elementor-open-lightbox=\"yes\" data-elementor-lightbox-title=\"Scan2020-09-21_094851_001\" data-e-action-hash=\"#elementor-action%3Aaction%3Dlightbox%26settings%3DeyJpZCI6NjgwLCJ1cmwiOiJodHRwczpcL1wvc3RhZHRtZWlzdGVyLnJvXC93cC1jb250ZW50XC91cGxvYWRzXC8yMDIxXC8xMlwvU2NhbjIwMjAtMDktMjFfMDk0ODUxXzAwMS5qcGcifQ%3D%3D\">\n\t\t\t\t\t\t\t<img decoding=\"async\" width=\"718\" height=\"1024\" src=\"https:\/\/stadtmeister.ro\/wp-content\/uploads\/2021\/12\/Scan2020-09-21_094851_001-718x1024.jpg\" class=\"attachment-large size-large wp-image-680\" alt=\"\" srcset=\"https:\/\/stadtmeister.ro\/wp-content\/uploads\/2021\/12\/Scan2020-09-21_094851_001-718x1024.jpg 718w, https:\/\/stadtmeister.ro\/wp-content\/uploads\/2021\/12\/Scan2020-09-21_094851_001-800x1142.jpg 800w, https:\/\/stadtmeister.ro\/wp-content\/uploads\/2021\/12\/Scan2020-09-21_094851_001-210x300.jpg 210w, https:\/\/stadtmeister.ro\/wp-content\/uploads\/2021\/12\/Scan2020-09-21_094851_001-768x1096.jpg 768w, https:\/\/stadtmeister.ro\/wp-content\/uploads\/2021\/12\/Scan2020-09-21_094851_001-102x146.jpg 102w, https:\/\/stadtmeister.ro\/wp-content\/uploads\/2021\/12\/Scan2020-09-21_094851_001-35x50.jpg 35w, https:\/\/stadtmeister.ro\/wp-content\/uploads\/2021\/12\/Scan2020-09-21_094851_001-53x75.jpg 53w, https:\/\/stadtmeister.ro\/wp-content\/uploads\/2021\/12\/Scan2020-09-21_094851_001.jpg 803w\" sizes=\"(max-width: 718px) 100vw, 718px\" \/>\t\t\t\t\t\t\t\t<\/a>\n\t\t\t\t\t\t\t\t\t\t\t\t\t\t\t<\/div>\n\t\t\t\t<\/div>\n\t\t\t\t\t<\/div>\n\t\t<\/div>\n\t\t\t\t\t<\/div>\n\t\t<\/section>\n\t\t\t\t\t<\/div>\n\t\t<\/div>\n\t\t\t\t\t<\/div>\n\t\t<\/section>\n\t\t\t\t<section class=\"elementor-section elementor-top-section elementor-element elementor-element-4c17bcd elementor-section-boxed elementor-section-height-default elementor-section-height-default\" data-id=\"4c17bcd\" data-element_type=\"section\">\n\t\t\t\t\t\t<div class=\"elementor-container elementor-column-gap-default\">\n\t\t\t\t\t<div class=\"elementor-column elementor-col-100 elementor-top-column elementor-element elementor-element-69a28c7\" data-id=\"69a28c7\" data-element_type=\"column\">\n\t\t\t<div class=\"elementor-widget-wrap elementor-element-populated\">\n\t\t\t\t\t\t<div class=\"elementor-element elementor-element-55229fd elementor-widget elementor-widget-mfn_blockquote\" data-id=\"55229fd\" data-element_type=\"widget\" data-widget_type=\"mfn_blockquote.default\">\n\t\t\t\t<div class=\"elementor-widget-container\">\n\t\t\t\t\t<div class=\"blockquote\"><blockquote>Va informam ca incepand cu data de 31.08.2021 societatea Stadtmeister Instal Srl cu RO29182474 si J08\/1589\/2011 cu punct de lucru pe str. Constantin Gheorghe Nica nr. 3 Brasov si-a schimbat denumirea in Stadtmeister Vent Srl. restul datelor au ramans neschimbate. modificarea a fost aprobata de ONRC Bra\u015fov prin emiterea certificatelor constatatoare eliberate \u00een baza declara\u0163iei pe propria r\u0103spundere \u00eenregistrat\u0103 sub nr. 72298 din 16.08.2021.<\/blockquote><p class=\"author\"><i class=\"icon-user\"><\/i><span>SC STADTMEISTER INSTAL SRL<\/span><\/p><\/div>\n\t\t\t\t<\/div>\n\t\t\t\t<\/div>\n\t\t\t\t\t<\/div>\n\t\t<\/div>\n\t\t\t\t\t<\/div>\n\t\t<\/section>\n\t\t\t\t<\/div>","protected":false},"excerpt":{"rendered":"<p>Certificare ISO 9001:2015 Va informam ca incepand cu data de 31.08.2021 societatea Stadtmeister Instal Srl cu RO29182474 si J08\/1589\/2011 cu punct de lucru pe str. Constantin<span class=\"excerpt-hellip\"> [\u2026]<\/span><\/p>","protected":false},"author":1,"featured_media":0,"parent":0,"menu_order":0,"comment_status":"closed","ping_status":"closed","template":"","meta":{"_acf_changed":false,"footnotes":""},"class_list":["post-676","page","type-page","status-publish","hentry"],"acf":[],"yoast_head":"<!-- This site is optimized with the Yoast SEO plugin v24.3 - https:\/\/yoast.com\/wordpress\/plugins\/seo\/ -->\n<title>Certificari si autorizatii - Stadtmeister<\/title>\n<meta name=\"robots\" content=\"index, follow, max-snippet:-1, max-image-preview:large, max-video-preview:-1\" \/>\n<link rel=\"canonical\" href=\"https:\/\/stadtmeister.ro\/en\/certificari-si-autorizatii\/\" \/>\n<meta property=\"og:locale\" content=\"en_US\" \/>\n<meta property=\"og:type\" content=\"article\" \/>\n<meta property=\"og:title\" content=\"Certificari si autorizatii - Stadtmeister\" \/>\n<meta property=\"og:description\" content=\"Certificare ISO 9001:2015 Va informam ca incepand cu data de 31.08.2021 societatea Stadtmeister Instal Srl cu RO29182474 si J08\/1589\/2011 cu punct de lucru pe str. Constantin [\u2026]\" \/>\n<meta property=\"og:url\" content=\"https:\/\/stadtmeister.ro\/en\/certificari-si-autorizatii\/\" \/>\n<meta property=\"og:site_name\" content=\"Stadtmeister\" \/>\n<meta property=\"article:modified_time\" content=\"2021-12-01T09:01:22+00:00\" \/>\n<meta property=\"og:image\" content=\"https:\/\/stadtmeister.ro\/wp-content\/uploads\/2021\/12\/Scan2020-09-21_094851_000-718x1024.jpg\" \/>\n<meta name=\"twitter:card\" content=\"summary_large_image\" \/>\n<script type=\"application\/ld+json\" class=\"yoast-schema-graph\">{\"@context\":\"https:\/\/schema.org\",\"@graph\":[{\"@type\":\"WebPage\",\"@id\":\"https:\/\/stadtmeister.ro\/certificari-si-autorizatii\/\",\"url\":\"https:\/\/stadtmeister.ro\/certificari-si-autorizatii\/\",\"name\":\"Certificari si autorizatii - Stadtmeister\",\"isPartOf\":{\"@id\":\"https:\/\/stadtmeister.ro\/#website\"},\"primaryImageOfPage\":{\"@id\":\"https:\/\/stadtmeister.ro\/certificari-si-autorizatii\/#primaryimage\"},\"image\":{\"@id\":\"https:\/\/stadtmeister.ro\/certificari-si-autorizatii\/#primaryimage\"},\"thumbnailUrl\":\"https:\/\/stadtmeister.ro\/wp-content\/uploads\/2021\/12\/Scan2020-09-21_094851_000-718x1024.jpg\",\"datePublished\":\"2021-12-01T08:50:25+00:00\",\"dateModified\":\"2021-12-01T09:01:22+00:00\",\"breadcrumb\":{\"@id\":\"https:\/\/stadtmeister.ro\/certificari-si-autorizatii\/#breadcrumb\"},\"inLanguage\":\"en-US\",\"potentialAction\":[{\"@type\":\"ReadAction\",\"target\":[\"https:\/\/stadtmeister.ro\/certificari-si-autorizatii\/\"]}]},{\"@type\":\"ImageObject\",\"inLanguage\":\"en-US\",\"@id\":\"https:\/\/stadtmeister.ro\/certificari-si-autorizatii\/#primaryimage\",\"url\":\"https:\/\/stadtmeister.ro\/wp-content\/uploads\/2021\/12\/Scan2020-09-21_094851_000-718x1024.jpg\",\"contentUrl\":\"https:\/\/stadtmeister.ro\/wp-content\/uploads\/2021\/12\/Scan2020-09-21_094851_000-718x1024.jpg\"},{\"@type\":\"BreadcrumbList\",\"@id\":\"https:\/\/stadtmeister.ro\/certificari-si-autorizatii\/#breadcrumb\",\"itemListElement\":[{\"@type\":\"ListItem\",\"position\":1,\"name\":\"Prima pagin\u0103\",\"item\":\"https:\/\/stadtmeister.ro\/\"},{\"@type\":\"ListItem\",\"position\":2,\"name\":\"Certificari si autorizatii\"}]},{\"@type\":\"WebSite\",\"@id\":\"https:\/\/stadtmeister.ro\/#website\",\"url\":\"https:\/\/stadtmeister.ro\/\",\"name\":\"Stadtmeister\",\"description\":\"Producatorul tau de tubulatura\",\"potentialAction\":[{\"@type\":\"SearchAction\",\"target\":{\"@type\":\"EntryPoint\",\"urlTemplate\":\"https:\/\/stadtmeister.ro\/?s={search_term_string}\"},\"query-input\":{\"@type\":\"PropertyValueSpecification\",\"valueRequired\":true,\"valueName\":\"search_term_string\"}}],\"inLanguage\":\"en-US\"}]}<\/script>\n<!-- \/ Yoast SEO plugin. -->","yoast_head_json":{"title":"Certificari si autorizatii - Stadtmeister","robots":{"index":"index","follow":"follow","max-snippet":"max-snippet:-1","max-image-preview":"max-image-preview:large","max-video-preview":"max-video-preview:-1"},"canonical":"https:\/\/stadtmeister.ro\/en\/certificari-si-autorizatii\/","og_locale":"en_US","og_type":"article","og_title":"Certificari si autorizatii - Stadtmeister","og_description":"Certificare ISO 9001:2015 Va informam ca incepand cu data de 31.08.2021 societatea Stadtmeister Instal Srl cu RO29182474 si J08\/1589\/2011 cu punct de lucru pe str. Constantin [\u2026]","og_url":"https:\/\/stadtmeister.ro\/en\/certificari-si-autorizatii\/","og_site_name":"Stadtmeister","article_modified_time":"2021-12-01T09:01:22+00:00","og_image":[{"url":"https:\/\/stadtmeister.ro\/wp-content\/uploads\/2021\/12\/Scan2020-09-21_094851_000-718x1024.jpg","type":"","width":"","height":""}],"twitter_card":"summary_large_image","schema":{"@context":"https:\/\/schema.org","@graph":[{"@type":"WebPage","@id":"https:\/\/stadtmeister.ro\/certificari-si-autorizatii\/","url":"https:\/\/stadtmeister.ro\/certificari-si-autorizatii\/","name":"Certificari si autorizatii - Stadtmeister","isPartOf":{"@id":"https:\/\/stadtmeister.ro\/#website"},"primaryImageOfPage":{"@id":"https:\/\/stadtmeister.ro\/certificari-si-autorizatii\/#primaryimage"},"image":{"@id":"https:\/\/stadtmeister.ro\/certificari-si-autorizatii\/#primaryimage"},"thumbnailUrl":"https:\/\/stadtmeister.ro\/wp-content\/uploads\/2021\/12\/Scan2020-09-21_094851_000-718x1024.jpg","datePublished":"2021-12-01T08:50:25+00:00","dateModified":"2021-12-01T09:01:22+00:00","breadcrumb":{"@id":"https:\/\/stadtmeister.ro\/certificari-si-autorizatii\/#breadcrumb"},"inLanguage":"en-US","potentialAction":[{"@type":"ReadAction","target":["https:\/\/stadtmeister.ro\/certificari-si-autorizatii\/"]}]},{"@type":"ImageObject","inLanguage":"en-US","@id":"https:\/\/stadtmeister.ro\/certificari-si-autorizatii\/#primaryimage","url":"https:\/\/stadtmeister.ro\/wp-content\/uploads\/2021\/12\/Scan2020-09-21_094851_000-718x1024.jpg","contentUrl":"https:\/\/stadtmeister.ro\/wp-content\/uploads\/2021\/12\/Scan2020-09-21_094851_000-718x1024.jpg"},{"@type":"BreadcrumbList","@id":"https:\/\/stadtmeister.ro\/certificari-si-autorizatii\/#breadcrumb","itemListElement":[{"@type":"ListItem","position":1,"name":"Prima pagin\u0103","item":"https:\/\/stadtmeister.ro\/"},{"@type":"ListItem","position":2,"name":"Certificari si autorizatii"}]},{"@type":"WebSite","@id":"https:\/\/stadtmeister.ro\/#website","url":"https:\/\/stadtmeister.ro\/","name":"Stadtmeister","description":"Producatorul tau de tubulatura","potentialAction":[{"@type":"SearchAction","target":{"@type":"EntryPoint","urlTemplate":"https:\/\/stadtmeister.ro\/?s={search_term_string}"},"query-input":{"@type":"PropertyValueSpecification","valueRequired":true,"valueName":"search_term_string"}}],"inLanguage":"en-US"}]}},"_links":{"self":[{"href":"https:\/\/stadtmeister.ro\/en\/wp-json\/wp\/v2\/pages\/676"}],"collection":[{"href":"https:\/\/stadtmeister.ro\/en\/wp-json\/wp\/v2\/pages"}],"about":[{"href":"https:\/\/stadtmeister.ro\/en\/wp-json\/wp\/v2\/types\/page"}],"author":[{"embeddable":true,"href":"https:\/\/stadtmeister.ro\/en\/wp-json\/wp\/v2\/users\/1"}],"replies":[{"embeddable":true,"href":"https:\/\/stadtmeister.ro\/en\/wp-json\/wp\/v2\/comments?post=676"}],"version-history":[{"count":10,"href":"https:\/\/stadtmeister.ro\/en\/wp-json\/wp\/v2\/pages\/676\/revisions"}],"predecessor-version":[{"id":689,"href":"https:\/\/stadtmeister.ro\/en\/wp-json\/wp\/v2\/pages\/676\/revisions\/689"}],"wp:attachment":[{"href":"https:\/\/stadtmeister.ro\/en\/wp-json\/wp\/v2\/media?parent=676"}],"curies":[{"name":"wp","href":"https:\/\/api.w.org\/{rel}","templated":true}]}}